{"id":12141,"date":"2018-10-29T14:07:53","date_gmt":"2018-10-29T13:07:53","guid":{"rendered":"https:\/\/isocele-medical.com\/notre-equipe\/"},"modified":"2025-08-28T11:46:27","modified_gmt":"2025-08-28T09:46:27","slug":"our-team","status":"publish","type":"page","link":"https:\/\/isocele-medical.com\/en\/our-team\/","title":{"rendered":"Our team"},"content":{"rendered":"","protected":false},"excerpt":{"rendered":"<p>Catherine BACOU has surrounded herself with experienced consultants all familiar with the everyday realities of companies. Setting up a quality system, developing a new medical device, and integrating regulatory requirements require an understanding of strategy, analysing risks and opportunities, and being integrated into this type of project ensures informed advice at the service of our customers.<\/p>\n","protected":false},"author":1,"featured_media":0,"parent":0,"menu_order":0,"comment_status":"closed","ping_status":"closed","template":"page-equipe.php","meta":{"_acf_changed":false,"footnotes":""},"class_list":["post-12141","page","type-page","status-publish","hentry"],"acf":[],"yoast_head":"<!-- This site is optimized with the Yoast SEO plugin v27.1.1 - https:\/\/yoast.com\/product\/yoast-seo-wordpress\/ -->\n<title>Our team - Isoc\u00e8le M\u00e9dical<\/title>\n<meta name=\"robots\" content=\"index, follow, max-snippet:-1, max-image-preview:large, max-video-preview:-1\" \/>\n<link rel=\"canonical\" href=\"https:\/\/isocele-medical.com\/en\/our-team\/\" \/>\n<meta property=\"og:locale\" content=\"en_US\" \/>\n<meta property=\"og:type\" content=\"article\" \/>\n<meta property=\"og:title\" content=\"Our team - Isoc\u00e8le M\u00e9dical\" \/>\n<meta property=\"og:description\" content=\"Catherine BACOU has surrounded herself with experienced consultants all familiar with the everyday realities of companies. Setting up a quality system, developing a new medical device, and integrating regulatory requirements require an understanding of strategy, analysing risks and opportunities, and being integrated into this type of project ensures informed advice at the service of our customers.\" \/>\n<meta property=\"og:url\" content=\"https:\/\/isocele-medical.com\/en\/our-team\/\" \/>\n<meta property=\"og:site_name\" content=\"Isoc\u00e8le M\u00e9dical\" \/>\n<meta property=\"article:modified_time\" content=\"2025-08-28T09:46:27+00:00\" \/>\n<meta name=\"twitter:card\" content=\"summary_large_image\" \/>\n<meta name=\"twitter:site\" content=\"@isocelemedical\" \/>\n<meta name=\"twitter:label1\" content=\"Est. reading time\" \/>\n\t<meta name=\"twitter:data1\" content=\"4 minutes\" \/>\n<script type=\"application\/ld+json\" class=\"yoast-schema-graph\">{\"@context\":\"https:\/\/schema.org\",\"@graph\":[{\"@type\":\"WebPage\",\"@id\":\"https:\/\/isocele-medical.com\/en\/our-team\/\",\"url\":\"https:\/\/isocele-medical.com\/en\/our-team\/\",\"name\":\"Our team - Isoc\u00e8le M\u00e9dical\",\"isPartOf\":{\"@id\":\"https:\/\/isocele-medical.com\/en\/#website\"},\"datePublished\":\"2018-10-29T13:07:53+00:00\",\"dateModified\":\"2025-08-28T09:46:27+00:00\",\"breadcrumb\":{\"@id\":\"https:\/\/isocele-medical.com\/en\/our-team\/#breadcrumb\"},\"inLanguage\":\"en-US\",\"potentialAction\":[{\"@type\":\"ReadAction\",\"target\":[\"https:\/\/isocele-medical.com\/en\/our-team\/\"]}]},{\"@type\":\"BreadcrumbList\",\"@id\":\"https:\/\/isocele-medical.com\/en\/our-team\/#breadcrumb\",\"itemListElement\":[{\"@type\":\"ListItem\",\"position\":1,\"name\":\"Accueil\",\"item\":\"https:\/\/isocele-medical.com\/en\/\"},{\"@type\":\"ListItem\",\"position\":2,\"name\":\"Our team\"}]},{\"@type\":\"WebSite\",\"@id\":\"https:\/\/isocele-medical.com\/en\/#website\",\"url\":\"https:\/\/isocele-medical.com\/en\/\",\"name\":\"Isoc\u00e8le M\u00e9dical\",\"description\":\"Soci\u00e9t\u00e9 de conseil qualit\u00e9 et affaires r\u00e9glementaires dans le domaine des dispositifs m\u00e9dicaux\",\"publisher\":{\"@id\":\"https:\/\/isocele-medical.com\/en\/#organization\"},\"potentialAction\":[{\"@type\":\"SearchAction\",\"target\":{\"@type\":\"EntryPoint\",\"urlTemplate\":\"https:\/\/isocele-medical.com\/en\/?s={search_term_string}\"},\"query-input\":{\"@type\":\"PropertyValueSpecification\",\"valueRequired\":true,\"valueName\":\"search_term_string\"}}],\"inLanguage\":\"en-US\"},{\"@type\":\"Organization\",\"@id\":\"https:\/\/isocele-medical.com\/en\/#organization\",\"name\":\"Isoc\u00e8le Medical\",\"url\":\"https:\/\/isocele-medical.com\/en\/\",\"logo\":{\"@type\":\"ImageObject\",\"inLanguage\":\"en-US\",\"@id\":\"https:\/\/isocele-medical.com\/en\/#\/schema\/logo\/image\/\",\"url\":\"https:\/\/isocele-medical.com\/wp-content\/uploads\/2019\/05\/logo-im.png\",\"contentUrl\":\"https:\/\/isocele-medical.com\/wp-content\/uploads\/2019\/05\/logo-im.png\",\"width\":336,\"height\":80,\"caption\":\"Isoc\u00e8le Medical\"},\"image\":{\"@id\":\"https:\/\/isocele-medical.com\/en\/#\/schema\/logo\/image\/\"},\"sameAs\":[\"https:\/\/x.com\/isocelemedical\",\"https:\/\/www.linkedin.com\/company\/isocele-medical\/\"]}]}<\/script>\n<!-- \/ Yoast SEO plugin. -->","yoast_head_json":{"title":"Our team - Isoc\u00e8le M\u00e9dical","robots":{"index":"index","follow":"follow","max-snippet":"max-snippet:-1","max-image-preview":"max-image-preview:large","max-video-preview":"max-video-preview:-1"},"canonical":"https:\/\/isocele-medical.com\/en\/our-team\/","og_locale":"en_US","og_type":"article","og_title":"Our team - Isoc\u00e8le M\u00e9dical","og_description":"Catherine BACOU has surrounded herself with experienced consultants all familiar with the everyday realities of companies. Setting up a quality system, developing a new medical device, and integrating regulatory requirements require an understanding of strategy, analysing risks and opportunities, and being integrated into this type of project ensures informed advice at the service of our customers.","og_url":"https:\/\/isocele-medical.com\/en\/our-team\/","og_site_name":"Isoc\u00e8le M\u00e9dical","article_modified_time":"2025-08-28T09:46:27+00:00","twitter_card":"summary_large_image","twitter_site":"@isocelemedical","twitter_misc":{"Est. reading time":"4 minutes"},"schema":{"@context":"https:\/\/schema.org","@graph":[{"@type":"WebPage","@id":"https:\/\/isocele-medical.com\/en\/our-team\/","url":"https:\/\/isocele-medical.com\/en\/our-team\/","name":"Our team - Isoc\u00e8le M\u00e9dical","isPartOf":{"@id":"https:\/\/isocele-medical.com\/en\/#website"},"datePublished":"2018-10-29T13:07:53+00:00","dateModified":"2025-08-28T09:46:27+00:00","breadcrumb":{"@id":"https:\/\/isocele-medical.com\/en\/our-team\/#breadcrumb"},"inLanguage":"en-US","potentialAction":[{"@type":"ReadAction","target":["https:\/\/isocele-medical.com\/en\/our-team\/"]}]},{"@type":"BreadcrumbList","@id":"https:\/\/isocele-medical.com\/en\/our-team\/#breadcrumb","itemListElement":[{"@type":"ListItem","position":1,"name":"Accueil","item":"https:\/\/isocele-medical.com\/en\/"},{"@type":"ListItem","position":2,"name":"Our team"}]},{"@type":"WebSite","@id":"https:\/\/isocele-medical.com\/en\/#website","url":"https:\/\/isocele-medical.com\/en\/","name":"Isoc\u00e8le M\u00e9dical","description":"Soci\u00e9t\u00e9 de conseil qualit\u00e9 et affaires r\u00e9glementaires dans le domaine des dispositifs m\u00e9dicaux","publisher":{"@id":"https:\/\/isocele-medical.com\/en\/#organization"},"potentialAction":[{"@type":"SearchAction","target":{"@type":"EntryPoint","urlTemplate":"https:\/\/isocele-medical.com\/en\/?s={search_term_string}"},"query-input":{"@type":"PropertyValueSpecification","valueRequired":true,"valueName":"search_term_string"}}],"inLanguage":"en-US"},{"@type":"Organization","@id":"https:\/\/isocele-medical.com\/en\/#organization","name":"Isoc\u00e8le Medical","url":"https:\/\/isocele-medical.com\/en\/","logo":{"@type":"ImageObject","inLanguage":"en-US","@id":"https:\/\/isocele-medical.com\/en\/#\/schema\/logo\/image\/","url":"https:\/\/isocele-medical.com\/wp-content\/uploads\/2019\/05\/logo-im.png","contentUrl":"https:\/\/isocele-medical.com\/wp-content\/uploads\/2019\/05\/logo-im.png","width":336,"height":80,"caption":"Isoc\u00e8le Medical"},"image":{"@id":"https:\/\/isocele-medical.com\/en\/#\/schema\/logo\/image\/"},"sameAs":["https:\/\/x.com\/isocelemedical","https:\/\/www.linkedin.com\/company\/isocele-medical\/"]}]}},"_links":{"self":[{"href":"https:\/\/isocele-medical.com\/en\/wp-json\/wp\/v2\/pages\/12141","targetHints":{"allow":["GET"]}}],"collection":[{"href":"https:\/\/isocele-medical.com\/en\/wp-json\/wp\/v2\/pages"}],"about":[{"href":"https:\/\/isocele-medical.com\/en\/wp-json\/wp\/v2\/types\/page"}],"author":[{"embeddable":true,"href":"https:\/\/isocele-medical.com\/en\/wp-json\/wp\/v2\/users\/1"}],"replies":[{"embeddable":true,"href":"https:\/\/isocele-medical.com\/en\/wp-json\/wp\/v2\/comments?post=12141"}],"version-history":[{"count":12,"href":"https:\/\/isocele-medical.com\/en\/wp-json\/wp\/v2\/pages\/12141\/revisions"}],"predecessor-version":[{"id":23585,"href":"https:\/\/isocele-medical.com\/en\/wp-json\/wp\/v2\/pages\/12141\/revisions\/23585"}],"wp:attachment":[{"href":"https:\/\/isocele-medical.com\/en\/wp-json\/wp\/v2\/media?parent=12141"}],"curies":[{"name":"wp","href":"https:\/\/api.w.org\/{rel}","templated":true}]}}