{"id":12196,"date":"2018-10-29T14:08:03","date_gmt":"2018-10-29T13:08:03","guid":{"rendered":"https:\/\/isocele-medical.com\/nos-prestations\/"},"modified":"2021-01-24T14:48:53","modified_gmt":"2021-01-24T13:48:53","slug":"our-services","status":"publish","type":"page","link":"https:\/\/isocele-medical.com\/en\/our-services\/","title":{"rendered":"Our services"},"content":{"rendered":"","protected":false},"excerpt":{"rendered":"<p>Isoc\u00e8le Conseil are expert consultants in the field of medical devices that has supported the sector\u2019s stakeholders, from the idea through to market release, for more than 20 years in Europe and on international markets.<\/p>\n","protected":false},"author":1,"featured_media":0,"parent":0,"menu_order":0,"comment_status":"closed","ping_status":"closed","template":"","meta":{"_acf_changed":false,"footnotes":""},"class_list":["post-12196","page","type-page","status-publish","hentry"],"acf":[],"yoast_head":"<!-- This site is optimized with the Yoast SEO plugin v27.1.1 - https:\/\/yoast.com\/product\/yoast-seo-wordpress\/ -->\n<title>Our services - Isoc\u00e8le M\u00e9dical<\/title>\n<meta name=\"description\" content=\"Isoc\u00e8le Conseil is an expert consulting company in the field of medical devices that has supported the sector\u2019s stakeholders, from the idea through to market release, for more than 20 years\" \/>\n<meta name=\"robots\" content=\"index, follow, max-snippet:-1, max-image-preview:large, max-video-preview:-1\" \/>\n<link rel=\"canonical\" href=\"https:\/\/isocele-medical.com\/en\/our-services\/\" \/>\n<meta property=\"og:locale\" content=\"en_US\" \/>\n<meta property=\"og:type\" content=\"article\" \/>\n<meta property=\"og:title\" content=\"Our services - Isoc\u00e8le M\u00e9dical\" \/>\n<meta property=\"og:description\" content=\"Isoc\u00e8le Conseil is an expert consulting company in the field of medical devices that has supported the sector\u2019s stakeholders, from the idea through to market release, for more than 20 years\" \/>\n<meta property=\"og:url\" content=\"https:\/\/isocele-medical.com\/en\/our-services\/\" \/>\n<meta property=\"og:site_name\" content=\"Isoc\u00e8le M\u00e9dical\" \/>\n<meta property=\"article:modified_time\" content=\"2021-01-24T13:48:53+00:00\" \/>\n<meta name=\"twitter:card\" content=\"summary_large_image\" \/>\n<meta name=\"twitter:site\" content=\"@isocelemedical\" \/>\n<script type=\"application\/ld+json\" class=\"yoast-schema-graph\">{\"@context\":\"https:\/\/schema.org\",\"@graph\":[{\"@type\":\"WebPage\",\"@id\":\"https:\/\/isocele-medical.com\/en\/our-services\/\",\"url\":\"https:\/\/isocele-medical.com\/en\/our-services\/\",\"name\":\"Our services - Isoc\u00e8le M\u00e9dical\",\"isPartOf\":{\"@id\":\"https:\/\/isocele-medical.com\/en\/#website\"},\"datePublished\":\"2018-10-29T13:08:03+00:00\",\"dateModified\":\"2021-01-24T13:48:53+00:00\",\"description\":\"Isoc\u00e8le Conseil is an expert consulting company in the field of medical devices that has supported the sector\u2019s stakeholders, from the idea through to market release, for more than 20 years\",\"breadcrumb\":{\"@id\":\"https:\/\/isocele-medical.com\/en\/our-services\/#breadcrumb\"},\"inLanguage\":\"en-US\",\"potentialAction\":[{\"@type\":\"ReadAction\",\"target\":[\"https:\/\/isocele-medical.com\/en\/our-services\/\"]}]},{\"@type\":\"BreadcrumbList\",\"@id\":\"https:\/\/isocele-medical.com\/en\/our-services\/#breadcrumb\",\"itemListElement\":[{\"@type\":\"ListItem\",\"position\":1,\"name\":\"Accueil\",\"item\":\"https:\/\/isocele-medical.com\/en\/\"},{\"@type\":\"ListItem\",\"position\":2,\"name\":\"Our services\"}]},{\"@type\":\"WebSite\",\"@id\":\"https:\/\/isocele-medical.com\/en\/#website\",\"url\":\"https:\/\/isocele-medical.com\/en\/\",\"name\":\"Isoc\u00e8le M\u00e9dical\",\"description\":\"Soci\u00e9t\u00e9 de conseil qualit\u00e9 et affaires r\u00e9glementaires dans le domaine des dispositifs m\u00e9dicaux\",\"publisher\":{\"@id\":\"https:\/\/isocele-medical.com\/en\/#organization\"},\"potentialAction\":[{\"@type\":\"SearchAction\",\"target\":{\"@type\":\"EntryPoint\",\"urlTemplate\":\"https:\/\/isocele-medical.com\/en\/?s={search_term_string}\"},\"query-input\":{\"@type\":\"PropertyValueSpecification\",\"valueRequired\":true,\"valueName\":\"search_term_string\"}}],\"inLanguage\":\"en-US\"},{\"@type\":\"Organization\",\"@id\":\"https:\/\/isocele-medical.com\/en\/#organization\",\"name\":\"Isoc\u00e8le Medical\",\"url\":\"https:\/\/isocele-medical.com\/en\/\",\"logo\":{\"@type\":\"ImageObject\",\"inLanguage\":\"en-US\",\"@id\":\"https:\/\/isocele-medical.com\/en\/#\/schema\/logo\/image\/\",\"url\":\"https:\/\/isocele-medical.com\/wp-content\/uploads\/2019\/05\/logo-im.png\",\"contentUrl\":\"https:\/\/isocele-medical.com\/wp-content\/uploads\/2019\/05\/logo-im.png\",\"width\":336,\"height\":80,\"caption\":\"Isoc\u00e8le Medical\"},\"image\":{\"@id\":\"https:\/\/isocele-medical.com\/en\/#\/schema\/logo\/image\/\"},\"sameAs\":[\"https:\/\/x.com\/isocelemedical\",\"https:\/\/www.linkedin.com\/company\/isocele-medical\/\"]}]}<\/script>\n<!-- \/ Yoast SEO plugin. -->","yoast_head_json":{"title":"Our services - Isoc\u00e8le M\u00e9dical","description":"Isoc\u00e8le Conseil is an expert consulting company in the field of medical devices that has supported the sector\u2019s stakeholders, from the idea through to market release, for more than 20 years","robots":{"index":"index","follow":"follow","max-snippet":"max-snippet:-1","max-image-preview":"max-image-preview:large","max-video-preview":"max-video-preview:-1"},"canonical":"https:\/\/isocele-medical.com\/en\/our-services\/","og_locale":"en_US","og_type":"article","og_title":"Our services - Isoc\u00e8le M\u00e9dical","og_description":"Isoc\u00e8le Conseil is an expert consulting company in the field of medical devices that has supported the sector\u2019s stakeholders, from the idea through to market release, for more than 20 years","og_url":"https:\/\/isocele-medical.com\/en\/our-services\/","og_site_name":"Isoc\u00e8le M\u00e9dical","article_modified_time":"2021-01-24T13:48:53+00:00","twitter_card":"summary_large_image","twitter_site":"@isocelemedical","schema":{"@context":"https:\/\/schema.org","@graph":[{"@type":"WebPage","@id":"https:\/\/isocele-medical.com\/en\/our-services\/","url":"https:\/\/isocele-medical.com\/en\/our-services\/","name":"Our services - Isoc\u00e8le M\u00e9dical","isPartOf":{"@id":"https:\/\/isocele-medical.com\/en\/#website"},"datePublished":"2018-10-29T13:08:03+00:00","dateModified":"2021-01-24T13:48:53+00:00","description":"Isoc\u00e8le Conseil is an expert consulting company in the field of medical devices that has supported the sector\u2019s stakeholders, from the idea through to market release, for more than 20 years","breadcrumb":{"@id":"https:\/\/isocele-medical.com\/en\/our-services\/#breadcrumb"},"inLanguage":"en-US","potentialAction":[{"@type":"ReadAction","target":["https:\/\/isocele-medical.com\/en\/our-services\/"]}]},{"@type":"BreadcrumbList","@id":"https:\/\/isocele-medical.com\/en\/our-services\/#breadcrumb","itemListElement":[{"@type":"ListItem","position":1,"name":"Accueil","item":"https:\/\/isocele-medical.com\/en\/"},{"@type":"ListItem","position":2,"name":"Our services"}]},{"@type":"WebSite","@id":"https:\/\/isocele-medical.com\/en\/#website","url":"https:\/\/isocele-medical.com\/en\/","name":"Isoc\u00e8le M\u00e9dical","description":"Soci\u00e9t\u00e9 de conseil qualit\u00e9 et affaires r\u00e9glementaires dans le domaine des dispositifs m\u00e9dicaux","publisher":{"@id":"https:\/\/isocele-medical.com\/en\/#organization"},"potentialAction":[{"@type":"SearchAction","target":{"@type":"EntryPoint","urlTemplate":"https:\/\/isocele-medical.com\/en\/?s={search_term_string}"},"query-input":{"@type":"PropertyValueSpecification","valueRequired":true,"valueName":"search_term_string"}}],"inLanguage":"en-US"},{"@type":"Organization","@id":"https:\/\/isocele-medical.com\/en\/#organization","name":"Isoc\u00e8le Medical","url":"https:\/\/isocele-medical.com\/en\/","logo":{"@type":"ImageObject","inLanguage":"en-US","@id":"https:\/\/isocele-medical.com\/en\/#\/schema\/logo\/image\/","url":"https:\/\/isocele-medical.com\/wp-content\/uploads\/2019\/05\/logo-im.png","contentUrl":"https:\/\/isocele-medical.com\/wp-content\/uploads\/2019\/05\/logo-im.png","width":336,"height":80,"caption":"Isoc\u00e8le Medical"},"image":{"@id":"https:\/\/isocele-medical.com\/en\/#\/schema\/logo\/image\/"},"sameAs":["https:\/\/x.com\/isocelemedical","https:\/\/www.linkedin.com\/company\/isocele-medical\/"]}]}},"_links":{"self":[{"href":"https:\/\/isocele-medical.com\/en\/wp-json\/wp\/v2\/pages\/12196","targetHints":{"allow":["GET"]}}],"collection":[{"href":"https:\/\/isocele-medical.com\/en\/wp-json\/wp\/v2\/pages"}],"about":[{"href":"https:\/\/isocele-medical.com\/en\/wp-json\/wp\/v2\/types\/page"}],"author":[{"embeddable":true,"href":"https:\/\/isocele-medical.com\/en\/wp-json\/wp\/v2\/users\/1"}],"replies":[{"embeddable":true,"href":"https:\/\/isocele-medical.com\/en\/wp-json\/wp\/v2\/comments?post=12196"}],"version-history":[{"count":0,"href":"https:\/\/isocele-medical.com\/en\/wp-json\/wp\/v2\/pages\/12196\/revisions"}],"wp:attachment":[{"href":"https:\/\/isocele-medical.com\/en\/wp-json\/wp\/v2\/media?parent=12196"}],"curies":[{"name":"wp","href":"https:\/\/api.w.org\/{rel}","templated":true}]}}