{"id":12202,"date":"2018-12-10T14:49:37","date_gmt":"2018-12-10T13:49:37","guid":{"rendered":"https:\/\/isocele-medical.com\/directives-et-reglementations-europeennes\/dispositifs-medicaux-de-diagnostic-in-vitro-et-reglement-2017-746\/"},"modified":"2025-03-20T09:16:37","modified_gmt":"2025-03-20T08:16:37","slug":"in-vitro-diagnostic-mediacal-devices-and-regulation-2017-746","status":"publish","type":"page","link":"https:\/\/isocele-medical.com\/en\/european-directives-and-regulations\/in-vitro-diagnostic-mediacal-devices-and-regulation-2017-746\/","title":{"rendered":"In vitro diagnostic medical devices and regulation 2017\/746"},"content":{"rendered":"","protected":false},"excerpt":{"rendered":"<p>New regulation concerning in vitro medical devices designed to replace directive 98\/79\/CE<\/p>\n","protected":false},"author":1,"featured_media":0,"parent":12201,"menu_order":0,"comment_status":"closed","ping_status":"closed","template":"","meta":{"_acf_changed":false,"footnotes":""},"class_list":["post-12202","page","type-page","status-publish","hentry"],"acf":[],"yoast_head":"<!-- This site is optimized with the Yoast SEO plugin v27.1.1 - https:\/\/yoast.com\/product\/yoast-seo-wordpress\/ -->\n<title>In vitro diagnostic medical devices and regulation 2017\/746<\/title>\n<meta name=\"description\" content=\"Nouveau r\u00e8glement sur les dispositifs m\u00e9dicaux de diagnostic in vitro destin\u00e9 \u00e0 remplacer la directive 98\/79\/CE ...\" \/>\n<meta name=\"robots\" content=\"index, follow, max-snippet:-1, max-image-preview:large, max-video-preview:-1\" \/>\n<link rel=\"canonical\" href=\"https:\/\/isocele-medical.com\/en\/european-directives-and-regulations\/in-vitro-diagnostic-mediacal-devices-and-regulation-2017-746\/\" \/>\n<meta property=\"og:locale\" content=\"en_US\" \/>\n<meta property=\"og:type\" content=\"article\" \/>\n<meta property=\"og:title\" content=\"In vitro diagnostic medical devices and regulation 2017\/746\" \/>\n<meta property=\"og:description\" content=\"Nouveau r\u00e8glement sur les dispositifs m\u00e9dicaux de diagnostic in vitro destin\u00e9 \u00e0 remplacer la directive 98\/79\/CE ...\" \/>\n<meta property=\"og:url\" content=\"https:\/\/isocele-medical.com\/en\/european-directives-and-regulations\/in-vitro-diagnostic-mediacal-devices-and-regulation-2017-746\/\" \/>\n<meta property=\"og:site_name\" content=\"Isoc\u00e8le M\u00e9dical\" \/>\n<meta property=\"article:modified_time\" content=\"2025-03-20T08:16:37+00:00\" \/>\n<meta name=\"twitter:card\" content=\"summary_large_image\" \/>\n<meta name=\"twitter:site\" content=\"@isocelemedical\" \/>\n<script type=\"application\/ld+json\" class=\"yoast-schema-graph\">{\"@context\":\"https:\/\/schema.org\",\"@graph\":[{\"@type\":\"WebPage\",\"@id\":\"https:\/\/isocele-medical.com\/en\/european-directives-and-regulations\/in-vitro-diagnostic-mediacal-devices-and-regulation-2017-746\/\",\"url\":\"https:\/\/isocele-medical.com\/en\/european-directives-and-regulations\/in-vitro-diagnostic-mediacal-devices-and-regulation-2017-746\/\",\"name\":\"In vitro diagnostic medical devices and regulation 2017\/746\",\"isPartOf\":{\"@id\":\"https:\/\/isocele-medical.com\/en\/#website\"},\"datePublished\":\"2018-12-10T13:49:37+00:00\",\"dateModified\":\"2025-03-20T08:16:37+00:00\",\"description\":\"Nouveau r\u00e8glement sur les dispositifs m\u00e9dicaux de diagnostic in vitro destin\u00e9 \u00e0 remplacer la directive 98\/79\/CE ...\",\"breadcrumb\":{\"@id\":\"https:\/\/isocele-medical.com\/en\/european-directives-and-regulations\/in-vitro-diagnostic-mediacal-devices-and-regulation-2017-746\/#breadcrumb\"},\"inLanguage\":\"en-US\",\"potentialAction\":[{\"@type\":\"ReadAction\",\"target\":[\"https:\/\/isocele-medical.com\/en\/european-directives-and-regulations\/in-vitro-diagnostic-mediacal-devices-and-regulation-2017-746\/\"]}]},{\"@type\":\"BreadcrumbList\",\"@id\":\"https:\/\/isocele-medical.com\/en\/european-directives-and-regulations\/in-vitro-diagnostic-mediacal-devices-and-regulation-2017-746\/#breadcrumb\",\"itemListElement\":[{\"@type\":\"ListItem\",\"position\":1,\"name\":\"Accueil\",\"item\":\"https:\/\/isocele-medical.com\/en\/\"},{\"@type\":\"ListItem\",\"position\":2,\"name\":\"European Regulations\",\"item\":\"https:\/\/isocele-medical.com\/en\/european-directives-and-regulations\/\"},{\"@type\":\"ListItem\",\"position\":3,\"name\":\"In vitro diagnostic medical devices and regulation 2017\/746\"}]},{\"@type\":\"WebSite\",\"@id\":\"https:\/\/isocele-medical.com\/en\/#website\",\"url\":\"https:\/\/isocele-medical.com\/en\/\",\"name\":\"Isoc\u00e8le M\u00e9dical\",\"description\":\"Soci\u00e9t\u00e9 de conseil qualit\u00e9 et affaires r\u00e9glementaires dans le domaine des dispositifs m\u00e9dicaux\",\"publisher\":{\"@id\":\"https:\/\/isocele-medical.com\/en\/#organization\"},\"potentialAction\":[{\"@type\":\"SearchAction\",\"target\":{\"@type\":\"EntryPoint\",\"urlTemplate\":\"https:\/\/isocele-medical.com\/en\/?s={search_term_string}\"},\"query-input\":{\"@type\":\"PropertyValueSpecification\",\"valueRequired\":true,\"valueName\":\"search_term_string\"}}],\"inLanguage\":\"en-US\"},{\"@type\":\"Organization\",\"@id\":\"https:\/\/isocele-medical.com\/en\/#organization\",\"name\":\"Isoc\u00e8le Medical\",\"url\":\"https:\/\/isocele-medical.com\/en\/\",\"logo\":{\"@type\":\"ImageObject\",\"inLanguage\":\"en-US\",\"@id\":\"https:\/\/isocele-medical.com\/en\/#\/schema\/logo\/image\/\",\"url\":\"https:\/\/isocele-medical.com\/wp-content\/uploads\/2019\/05\/logo-im.png\",\"contentUrl\":\"https:\/\/isocele-medical.com\/wp-content\/uploads\/2019\/05\/logo-im.png\",\"width\":336,\"height\":80,\"caption\":\"Isoc\u00e8le Medical\"},\"image\":{\"@id\":\"https:\/\/isocele-medical.com\/en\/#\/schema\/logo\/image\/\"},\"sameAs\":[\"https:\/\/x.com\/isocelemedical\",\"https:\/\/www.linkedin.com\/company\/isocele-medical\/\"]}]}<\/script>\n<!-- \/ Yoast SEO plugin. -->","yoast_head_json":{"title":"In vitro diagnostic medical devices and regulation 2017\/746","description":"Nouveau r\u00e8glement sur les dispositifs m\u00e9dicaux de diagnostic in vitro destin\u00e9 \u00e0 remplacer la directive 98\/79\/CE ...","robots":{"index":"index","follow":"follow","max-snippet":"max-snippet:-1","max-image-preview":"max-image-preview:large","max-video-preview":"max-video-preview:-1"},"canonical":"https:\/\/isocele-medical.com\/en\/european-directives-and-regulations\/in-vitro-diagnostic-mediacal-devices-and-regulation-2017-746\/","og_locale":"en_US","og_type":"article","og_title":"In vitro diagnostic medical devices and regulation 2017\/746","og_description":"Nouveau r\u00e8glement sur les dispositifs m\u00e9dicaux de diagnostic in vitro destin\u00e9 \u00e0 remplacer la directive 98\/79\/CE ...","og_url":"https:\/\/isocele-medical.com\/en\/european-directives-and-regulations\/in-vitro-diagnostic-mediacal-devices-and-regulation-2017-746\/","og_site_name":"Isoc\u00e8le M\u00e9dical","article_modified_time":"2025-03-20T08:16:37+00:00","twitter_card":"summary_large_image","twitter_site":"@isocelemedical","schema":{"@context":"https:\/\/schema.org","@graph":[{"@type":"WebPage","@id":"https:\/\/isocele-medical.com\/en\/european-directives-and-regulations\/in-vitro-diagnostic-mediacal-devices-and-regulation-2017-746\/","url":"https:\/\/isocele-medical.com\/en\/european-directives-and-regulations\/in-vitro-diagnostic-mediacal-devices-and-regulation-2017-746\/","name":"In vitro diagnostic medical devices and regulation 2017\/746","isPartOf":{"@id":"https:\/\/isocele-medical.com\/en\/#website"},"datePublished":"2018-12-10T13:49:37+00:00","dateModified":"2025-03-20T08:16:37+00:00","description":"Nouveau r\u00e8glement sur les dispositifs m\u00e9dicaux de diagnostic in vitro destin\u00e9 \u00e0 remplacer la directive 98\/79\/CE ...","breadcrumb":{"@id":"https:\/\/isocele-medical.com\/en\/european-directives-and-regulations\/in-vitro-diagnostic-mediacal-devices-and-regulation-2017-746\/#breadcrumb"},"inLanguage":"en-US","potentialAction":[{"@type":"ReadAction","target":["https:\/\/isocele-medical.com\/en\/european-directives-and-regulations\/in-vitro-diagnostic-mediacal-devices-and-regulation-2017-746\/"]}]},{"@type":"BreadcrumbList","@id":"https:\/\/isocele-medical.com\/en\/european-directives-and-regulations\/in-vitro-diagnostic-mediacal-devices-and-regulation-2017-746\/#breadcrumb","itemListElement":[{"@type":"ListItem","position":1,"name":"Accueil","item":"https:\/\/isocele-medical.com\/en\/"},{"@type":"ListItem","position":2,"name":"European Regulations","item":"https:\/\/isocele-medical.com\/en\/european-directives-and-regulations\/"},{"@type":"ListItem","position":3,"name":"In vitro diagnostic medical devices and regulation 2017\/746"}]},{"@type":"WebSite","@id":"https:\/\/isocele-medical.com\/en\/#website","url":"https:\/\/isocele-medical.com\/en\/","name":"Isoc\u00e8le M\u00e9dical","description":"Soci\u00e9t\u00e9 de conseil qualit\u00e9 et affaires r\u00e9glementaires dans le domaine des dispositifs m\u00e9dicaux","publisher":{"@id":"https:\/\/isocele-medical.com\/en\/#organization"},"potentialAction":[{"@type":"SearchAction","target":{"@type":"EntryPoint","urlTemplate":"https:\/\/isocele-medical.com\/en\/?s={search_term_string}"},"query-input":{"@type":"PropertyValueSpecification","valueRequired":true,"valueName":"search_term_string"}}],"inLanguage":"en-US"},{"@type":"Organization","@id":"https:\/\/isocele-medical.com\/en\/#organization","name":"Isoc\u00e8le Medical","url":"https:\/\/isocele-medical.com\/en\/","logo":{"@type":"ImageObject","inLanguage":"en-US","@id":"https:\/\/isocele-medical.com\/en\/#\/schema\/logo\/image\/","url":"https:\/\/isocele-medical.com\/wp-content\/uploads\/2019\/05\/logo-im.png","contentUrl":"https:\/\/isocele-medical.com\/wp-content\/uploads\/2019\/05\/logo-im.png","width":336,"height":80,"caption":"Isoc\u00e8le Medical"},"image":{"@id":"https:\/\/isocele-medical.com\/en\/#\/schema\/logo\/image\/"},"sameAs":["https:\/\/x.com\/isocelemedical","https:\/\/www.linkedin.com\/company\/isocele-medical\/"]}]}},"_links":{"self":[{"href":"https:\/\/isocele-medical.com\/en\/wp-json\/wp\/v2\/pages\/12202","targetHints":{"allow":["GET"]}}],"collection":[{"href":"https:\/\/isocele-medical.com\/en\/wp-json\/wp\/v2\/pages"}],"about":[{"href":"https:\/\/isocele-medical.com\/en\/wp-json\/wp\/v2\/types\/page"}],"author":[{"embeddable":true,"href":"https:\/\/isocele-medical.com\/en\/wp-json\/wp\/v2\/users\/1"}],"replies":[{"embeddable":true,"href":"https:\/\/isocele-medical.com\/en\/wp-json\/wp\/v2\/comments?post=12202"}],"version-history":[{"count":1,"href":"https:\/\/isocele-medical.com\/en\/wp-json\/wp\/v2\/pages\/12202\/revisions"}],"predecessor-version":[{"id":22784,"href":"https:\/\/isocele-medical.com\/en\/wp-json\/wp\/v2\/pages\/12202\/revisions\/22784"}],"up":[{"embeddable":true,"href":"https:\/\/isocele-medical.com\/en\/wp-json\/wp\/v2\/pages\/12201"}],"wp:attachment":[{"href":"https:\/\/isocele-medical.com\/en\/wp-json\/wp\/v2\/media?parent=12202"}],"curies":[{"name":"wp","href":"https:\/\/api.w.org\/{rel}","templated":true}]}}