{"id":12203,"date":"2018-12-10T12:04:46","date_gmt":"2018-12-10T11:04:46","guid":{"rendered":"https:\/\/isocele-medical.com\/directives-et-reglementations-europeennes\/dispositifs-medicaux-et-reglement-2017-745\/"},"modified":"2025-03-20T09:18:43","modified_gmt":"2025-03-20T08:18:43","slug":"medical-devices-and-regulation-2017-745","status":"publish","type":"page","link":"https:\/\/isocele-medical.com\/en\/european-directives-and-regulations\/medical-devices-and-regulation-2017-745\/","title":{"rendered":"Medical devices and regulation 2017\/745"},"content":{"rendered":"","protected":false},"excerpt":{"rendered":"<p>New regulation on medical devices designed to replace directives:<br \/>\n90\/385 on medical devices Active ingredient<br \/>\n93\/42 on medical devices<\/p>\n","protected":false},"author":1,"featured_media":0,"parent":12201,"menu_order":0,"comment_status":"closed","ping_status":"closed","template":"","meta":{"_acf_changed":false,"footnotes":""},"class_list":["post-12203","page","type-page","status-publish","hentry"],"acf":[],"yoast_head":"<!-- This site is optimized with the Yoast SEO plugin v27.1.1 - https:\/\/yoast.com\/product\/yoast-seo-wordpress\/ -->\n<title>Medical devices and regulation 2017\/745 - Isoc\u00e8le M\u00e9dical<\/title>\n<meta name=\"description\" content=\"New regulation on medical devices designed to replace directives: 90\/385 on medical devices Active ingredient, 93\/42 on medical devices\" \/>\n<meta name=\"robots\" content=\"index, follow, max-snippet:-1, max-image-preview:large, max-video-preview:-1\" \/>\n<link rel=\"canonical\" href=\"https:\/\/isocele-medical.com\/en\/european-directives-and-regulations\/medical-devices-and-regulation-2017-745\/\" \/>\n<meta property=\"og:locale\" content=\"en_US\" \/>\n<meta property=\"og:type\" content=\"article\" \/>\n<meta property=\"og:title\" content=\"Medical devices and regulation 2017\/745 - Isoc\u00e8le M\u00e9dical\" \/>\n<meta property=\"og:description\" content=\"New regulation on medical devices designed to replace directives: 90\/385 on medical devices Active ingredient, 93\/42 on medical devices\" \/>\n<meta property=\"og:url\" content=\"https:\/\/isocele-medical.com\/en\/european-directives-and-regulations\/medical-devices-and-regulation-2017-745\/\" \/>\n<meta property=\"og:site_name\" content=\"Isoc\u00e8le M\u00e9dical\" \/>\n<meta property=\"article:modified_time\" content=\"2025-03-20T08:18:43+00:00\" \/>\n<meta name=\"twitter:card\" content=\"summary_large_image\" \/>\n<meta name=\"twitter:site\" content=\"@isocelemedical\" \/>\n<script type=\"application\/ld+json\" class=\"yoast-schema-graph\">{\"@context\":\"https:\/\/schema.org\",\"@graph\":[{\"@type\":\"WebPage\",\"@id\":\"https:\/\/isocele-medical.com\/en\/european-directives-and-regulations\/medical-devices-and-regulation-2017-745\/\",\"url\":\"https:\/\/isocele-medical.com\/en\/european-directives-and-regulations\/medical-devices-and-regulation-2017-745\/\",\"name\":\"Medical devices and regulation 2017\/745 - Isoc\u00e8le M\u00e9dical\",\"isPartOf\":{\"@id\":\"https:\/\/isocele-medical.com\/en\/#website\"},\"datePublished\":\"2018-12-10T11:04:46+00:00\",\"dateModified\":\"2025-03-20T08:18:43+00:00\",\"description\":\"New regulation on medical devices designed to replace directives: 90\/385 on medical devices Active ingredient, 93\/42 on medical devices\",\"breadcrumb\":{\"@id\":\"https:\/\/isocele-medical.com\/en\/european-directives-and-regulations\/medical-devices-and-regulation-2017-745\/#breadcrumb\"},\"inLanguage\":\"en-US\",\"potentialAction\":[{\"@type\":\"ReadAction\",\"target\":[\"https:\/\/isocele-medical.com\/en\/european-directives-and-regulations\/medical-devices-and-regulation-2017-745\/\"]}]},{\"@type\":\"BreadcrumbList\",\"@id\":\"https:\/\/isocele-medical.com\/en\/european-directives-and-regulations\/medical-devices-and-regulation-2017-745\/#breadcrumb\",\"itemListElement\":[{\"@type\":\"ListItem\",\"position\":1,\"name\":\"Accueil\",\"item\":\"https:\/\/isocele-medical.com\/en\/\"},{\"@type\":\"ListItem\",\"position\":2,\"name\":\"European Regulations\",\"item\":\"https:\/\/isocele-medical.com\/en\/european-directives-and-regulations\/\"},{\"@type\":\"ListItem\",\"position\":3,\"name\":\"Medical devices and regulation 2017\/745\"}]},{\"@type\":\"WebSite\",\"@id\":\"https:\/\/isocele-medical.com\/en\/#website\",\"url\":\"https:\/\/isocele-medical.com\/en\/\",\"name\":\"Isoc\u00e8le M\u00e9dical\",\"description\":\"Soci\u00e9t\u00e9 de conseil qualit\u00e9 et affaires r\u00e9glementaires dans le domaine des dispositifs m\u00e9dicaux\",\"publisher\":{\"@id\":\"https:\/\/isocele-medical.com\/en\/#organization\"},\"potentialAction\":[{\"@type\":\"SearchAction\",\"target\":{\"@type\":\"EntryPoint\",\"urlTemplate\":\"https:\/\/isocele-medical.com\/en\/?s={search_term_string}\"},\"query-input\":{\"@type\":\"PropertyValueSpecification\",\"valueRequired\":true,\"valueName\":\"search_term_string\"}}],\"inLanguage\":\"en-US\"},{\"@type\":\"Organization\",\"@id\":\"https:\/\/isocele-medical.com\/en\/#organization\",\"name\":\"Isoc\u00e8le Medical\",\"url\":\"https:\/\/isocele-medical.com\/en\/\",\"logo\":{\"@type\":\"ImageObject\",\"inLanguage\":\"en-US\",\"@id\":\"https:\/\/isocele-medical.com\/en\/#\/schema\/logo\/image\/\",\"url\":\"https:\/\/isocele-medical.com\/wp-content\/uploads\/2019\/05\/logo-im.png\",\"contentUrl\":\"https:\/\/isocele-medical.com\/wp-content\/uploads\/2019\/05\/logo-im.png\",\"width\":336,\"height\":80,\"caption\":\"Isoc\u00e8le Medical\"},\"image\":{\"@id\":\"https:\/\/isocele-medical.com\/en\/#\/schema\/logo\/image\/\"},\"sameAs\":[\"https:\/\/x.com\/isocelemedical\",\"https:\/\/www.linkedin.com\/company\/isocele-medical\/\"]}]}<\/script>\n<!-- \/ Yoast SEO plugin. -->","yoast_head_json":{"title":"Medical devices and regulation 2017\/745 - Isoc\u00e8le M\u00e9dical","description":"New regulation on medical devices designed to replace directives: 90\/385 on medical devices Active ingredient, 93\/42 on medical devices","robots":{"index":"index","follow":"follow","max-snippet":"max-snippet:-1","max-image-preview":"max-image-preview:large","max-video-preview":"max-video-preview:-1"},"canonical":"https:\/\/isocele-medical.com\/en\/european-directives-and-regulations\/medical-devices-and-regulation-2017-745\/","og_locale":"en_US","og_type":"article","og_title":"Medical devices and regulation 2017\/745 - Isoc\u00e8le M\u00e9dical","og_description":"New regulation on medical devices designed to replace directives: 90\/385 on medical devices Active ingredient, 93\/42 on medical devices","og_url":"https:\/\/isocele-medical.com\/en\/european-directives-and-regulations\/medical-devices-and-regulation-2017-745\/","og_site_name":"Isoc\u00e8le M\u00e9dical","article_modified_time":"2025-03-20T08:18:43+00:00","twitter_card":"summary_large_image","twitter_site":"@isocelemedical","schema":{"@context":"https:\/\/schema.org","@graph":[{"@type":"WebPage","@id":"https:\/\/isocele-medical.com\/en\/european-directives-and-regulations\/medical-devices-and-regulation-2017-745\/","url":"https:\/\/isocele-medical.com\/en\/european-directives-and-regulations\/medical-devices-and-regulation-2017-745\/","name":"Medical devices and regulation 2017\/745 - Isoc\u00e8le M\u00e9dical","isPartOf":{"@id":"https:\/\/isocele-medical.com\/en\/#website"},"datePublished":"2018-12-10T11:04:46+00:00","dateModified":"2025-03-20T08:18:43+00:00","description":"New regulation on medical devices designed to replace directives: 90\/385 on medical devices Active ingredient, 93\/42 on medical devices","breadcrumb":{"@id":"https:\/\/isocele-medical.com\/en\/european-directives-and-regulations\/medical-devices-and-regulation-2017-745\/#breadcrumb"},"inLanguage":"en-US","potentialAction":[{"@type":"ReadAction","target":["https:\/\/isocele-medical.com\/en\/european-directives-and-regulations\/medical-devices-and-regulation-2017-745\/"]}]},{"@type":"BreadcrumbList","@id":"https:\/\/isocele-medical.com\/en\/european-directives-and-regulations\/medical-devices-and-regulation-2017-745\/#breadcrumb","itemListElement":[{"@type":"ListItem","position":1,"name":"Accueil","item":"https:\/\/isocele-medical.com\/en\/"},{"@type":"ListItem","position":2,"name":"European Regulations","item":"https:\/\/isocele-medical.com\/en\/european-directives-and-regulations\/"},{"@type":"ListItem","position":3,"name":"Medical devices and regulation 2017\/745"}]},{"@type":"WebSite","@id":"https:\/\/isocele-medical.com\/en\/#website","url":"https:\/\/isocele-medical.com\/en\/","name":"Isoc\u00e8le M\u00e9dical","description":"Soci\u00e9t\u00e9 de conseil qualit\u00e9 et affaires r\u00e9glementaires dans le domaine des dispositifs m\u00e9dicaux","publisher":{"@id":"https:\/\/isocele-medical.com\/en\/#organization"},"potentialAction":[{"@type":"SearchAction","target":{"@type":"EntryPoint","urlTemplate":"https:\/\/isocele-medical.com\/en\/?s={search_term_string}"},"query-input":{"@type":"PropertyValueSpecification","valueRequired":true,"valueName":"search_term_string"}}],"inLanguage":"en-US"},{"@type":"Organization","@id":"https:\/\/isocele-medical.com\/en\/#organization","name":"Isoc\u00e8le Medical","url":"https:\/\/isocele-medical.com\/en\/","logo":{"@type":"ImageObject","inLanguage":"en-US","@id":"https:\/\/isocele-medical.com\/en\/#\/schema\/logo\/image\/","url":"https:\/\/isocele-medical.com\/wp-content\/uploads\/2019\/05\/logo-im.png","contentUrl":"https:\/\/isocele-medical.com\/wp-content\/uploads\/2019\/05\/logo-im.png","width":336,"height":80,"caption":"Isoc\u00e8le Medical"},"image":{"@id":"https:\/\/isocele-medical.com\/en\/#\/schema\/logo\/image\/"},"sameAs":["https:\/\/x.com\/isocelemedical","https:\/\/www.linkedin.com\/company\/isocele-medical\/"]}]}},"_links":{"self":[{"href":"https:\/\/isocele-medical.com\/en\/wp-json\/wp\/v2\/pages\/12203","targetHints":{"allow":["GET"]}}],"collection":[{"href":"https:\/\/isocele-medical.com\/en\/wp-json\/wp\/v2\/pages"}],"about":[{"href":"https:\/\/isocele-medical.com\/en\/wp-json\/wp\/v2\/types\/page"}],"author":[{"embeddable":true,"href":"https:\/\/isocele-medical.com\/en\/wp-json\/wp\/v2\/users\/1"}],"replies":[{"embeddable":true,"href":"https:\/\/isocele-medical.com\/en\/wp-json\/wp\/v2\/comments?post=12203"}],"version-history":[{"count":1,"href":"https:\/\/isocele-medical.com\/en\/wp-json\/wp\/v2\/pages\/12203\/revisions"}],"predecessor-version":[{"id":22785,"href":"https:\/\/isocele-medical.com\/en\/wp-json\/wp\/v2\/pages\/12203\/revisions\/22785"}],"up":[{"embeddable":true,"href":"https:\/\/isocele-medical.com\/en\/wp-json\/wp\/v2\/pages\/12201"}],"wp:attachment":[{"href":"https:\/\/isocele-medical.com\/en\/wp-json\/wp\/v2\/media?parent=12203"}],"curies":[{"name":"wp","href":"https:\/\/api.w.org\/{rel}","templated":true}]}}