{"id":12215,"date":"2018-12-12T16:13:33","date_gmt":"2018-12-12T15:13:33","guid":{"rendered":"https:\/\/isocele-medical.com\/nos-prestations\/strategie-reglementaire\/dispositifs-medicaux-au-canada\/"},"modified":"2024-06-18T11:00:31","modified_gmt":"2024-06-18T09:00:31","slug":"medical-devices-in-canada","status":"publish","type":"page","link":"https:\/\/isocele-medical.com\/en\/our-services\/regulatory-strategy\/medical-devices-in-canada\/","title":{"rendered":"Medical devices in Canada"},"content":{"rendered":"","protected":false},"excerpt":{"rendered":"<p>We support you for formalisation and certification requests submitted to Sant\u00e9 Canada.<\/p>\n","protected":false},"author":1,"featured_media":0,"parent":12213,"menu_order":0,"comment_status":"closed","ping_status":"closed","template":"","meta":{"_acf_changed":false,"footnotes":""},"class_list":["post-12215","page","type-page","status-publish","hentry"],"acf":[],"yoast_head":"<!-- This site is optimized with the Yoast SEO plugin v27.1.1 - https:\/\/yoast.com\/product\/yoast-seo-wordpress\/ -->\n<title>Medical devices in Canada<\/title>\n<meta name=\"description\" content=\"We support you for formalisation and certification requests submitted to Sant\u00e9 Canada. The Canadian Regulation on Medical Devices (SORS 98\/282) is based ...\" \/>\n<meta name=\"robots\" content=\"index, follow, max-snippet:-1, max-image-preview:large, max-video-preview:-1\" \/>\n<link rel=\"canonical\" href=\"https:\/\/isocele-medical.com\/en\/our-services\/regulatory-strategy\/medical-devices-in-canada\/\" \/>\n<meta property=\"og:locale\" content=\"en_US\" \/>\n<meta property=\"og:type\" content=\"article\" \/>\n<meta property=\"og:title\" content=\"Medical devices in Canada\" \/>\n<meta property=\"og:description\" content=\"We support you for formalisation and certification requests submitted to Sant\u00e9 Canada. The Canadian Regulation on Medical Devices (SORS 98\/282) is based ...\" \/>\n<meta property=\"og:url\" content=\"https:\/\/isocele-medical.com\/en\/our-services\/regulatory-strategy\/medical-devices-in-canada\/\" \/>\n<meta property=\"og:site_name\" content=\"Isoc\u00e8le M\u00e9dical\" \/>\n<meta property=\"article:modified_time\" content=\"2024-06-18T09:00:31+00:00\" \/>\n<meta name=\"twitter:card\" content=\"summary_large_image\" \/>\n<meta name=\"twitter:site\" content=\"@isocelemedical\" \/>\n<script type=\"application\/ld+json\" class=\"yoast-schema-graph\">{\"@context\":\"https:\/\/schema.org\",\"@graph\":[{\"@type\":\"WebPage\",\"@id\":\"https:\/\/isocele-medical.com\/en\/our-services\/regulatory-strategy\/medical-devices-in-canada\/\",\"url\":\"https:\/\/isocele-medical.com\/en\/our-services\/regulatory-strategy\/medical-devices-in-canada\/\",\"name\":\"Medical devices in Canada\",\"isPartOf\":{\"@id\":\"https:\/\/isocele-medical.com\/en\/#website\"},\"datePublished\":\"2018-12-12T15:13:33+00:00\",\"dateModified\":\"2024-06-18T09:00:31+00:00\",\"description\":\"We support you for formalisation and certification requests submitted to Sant\u00e9 Canada. The Canadian Regulation on Medical Devices (SORS 98\/282) is based ...\",\"breadcrumb\":{\"@id\":\"https:\/\/isocele-medical.com\/en\/our-services\/regulatory-strategy\/medical-devices-in-canada\/#breadcrumb\"},\"inLanguage\":\"en-US\",\"potentialAction\":[{\"@type\":\"ReadAction\",\"target\":[\"https:\/\/isocele-medical.com\/en\/our-services\/regulatory-strategy\/medical-devices-in-canada\/\"]}]},{\"@type\":\"BreadcrumbList\",\"@id\":\"https:\/\/isocele-medical.com\/en\/our-services\/regulatory-strategy\/medical-devices-in-canada\/#breadcrumb\",\"itemListElement\":[{\"@type\":\"ListItem\",\"position\":1,\"name\":\"Accueil\",\"item\":\"https:\/\/isocele-medical.com\/en\/\"},{\"@type\":\"ListItem\",\"position\":2,\"name\":\"Our services\",\"item\":\"https:\/\/isocele-medical.com\/en\/our-services\/\"},{\"@type\":\"ListItem\",\"position\":3,\"name\":\"Regulatory Strategy\",\"item\":\"https:\/\/isocele-medical.com\/en\/our-services\/regulatory-strategy\/\"},{\"@type\":\"ListItem\",\"position\":4,\"name\":\"Medical devices in Canada\"}]},{\"@type\":\"WebSite\",\"@id\":\"https:\/\/isocele-medical.com\/en\/#website\",\"url\":\"https:\/\/isocele-medical.com\/en\/\",\"name\":\"Isoc\u00e8le M\u00e9dical\",\"description\":\"Soci\u00e9t\u00e9 de conseil qualit\u00e9 et affaires r\u00e9glementaires dans le domaine des dispositifs m\u00e9dicaux\",\"publisher\":{\"@id\":\"https:\/\/isocele-medical.com\/en\/#organization\"},\"potentialAction\":[{\"@type\":\"SearchAction\",\"target\":{\"@type\":\"EntryPoint\",\"urlTemplate\":\"https:\/\/isocele-medical.com\/en\/?s={search_term_string}\"},\"query-input\":{\"@type\":\"PropertyValueSpecification\",\"valueRequired\":true,\"valueName\":\"search_term_string\"}}],\"inLanguage\":\"en-US\"},{\"@type\":\"Organization\",\"@id\":\"https:\/\/isocele-medical.com\/en\/#organization\",\"name\":\"Isoc\u00e8le Medical\",\"url\":\"https:\/\/isocele-medical.com\/en\/\",\"logo\":{\"@type\":\"ImageObject\",\"inLanguage\":\"en-US\",\"@id\":\"https:\/\/isocele-medical.com\/en\/#\/schema\/logo\/image\/\",\"url\":\"https:\/\/isocele-medical.com\/wp-content\/uploads\/2019\/05\/logo-im.png\",\"contentUrl\":\"https:\/\/isocele-medical.com\/wp-content\/uploads\/2019\/05\/logo-im.png\",\"width\":336,\"height\":80,\"caption\":\"Isoc\u00e8le Medical\"},\"image\":{\"@id\":\"https:\/\/isocele-medical.com\/en\/#\/schema\/logo\/image\/\"},\"sameAs\":[\"https:\/\/x.com\/isocelemedical\",\"https:\/\/www.linkedin.com\/company\/isocele-medical\/\"]}]}<\/script>\n<!-- \/ Yoast SEO plugin. -->","yoast_head_json":{"title":"Medical devices in Canada","description":"We support you for formalisation and certification requests submitted to Sant\u00e9 Canada. The Canadian Regulation on Medical Devices (SORS 98\/282) is based ...","robots":{"index":"index","follow":"follow","max-snippet":"max-snippet:-1","max-image-preview":"max-image-preview:large","max-video-preview":"max-video-preview:-1"},"canonical":"https:\/\/isocele-medical.com\/en\/our-services\/regulatory-strategy\/medical-devices-in-canada\/","og_locale":"en_US","og_type":"article","og_title":"Medical devices in Canada","og_description":"We support you for formalisation and certification requests submitted to Sant\u00e9 Canada. The Canadian Regulation on Medical Devices (SORS 98\/282) is based ...","og_url":"https:\/\/isocele-medical.com\/en\/our-services\/regulatory-strategy\/medical-devices-in-canada\/","og_site_name":"Isoc\u00e8le M\u00e9dical","article_modified_time":"2024-06-18T09:00:31+00:00","twitter_card":"summary_large_image","twitter_site":"@isocelemedical","schema":{"@context":"https:\/\/schema.org","@graph":[{"@type":"WebPage","@id":"https:\/\/isocele-medical.com\/en\/our-services\/regulatory-strategy\/medical-devices-in-canada\/","url":"https:\/\/isocele-medical.com\/en\/our-services\/regulatory-strategy\/medical-devices-in-canada\/","name":"Medical devices in Canada","isPartOf":{"@id":"https:\/\/isocele-medical.com\/en\/#website"},"datePublished":"2018-12-12T15:13:33+00:00","dateModified":"2024-06-18T09:00:31+00:00","description":"We support you for formalisation and certification requests submitted to Sant\u00e9 Canada. The Canadian Regulation on Medical Devices (SORS 98\/282) is based ...","breadcrumb":{"@id":"https:\/\/isocele-medical.com\/en\/our-services\/regulatory-strategy\/medical-devices-in-canada\/#breadcrumb"},"inLanguage":"en-US","potentialAction":[{"@type":"ReadAction","target":["https:\/\/isocele-medical.com\/en\/our-services\/regulatory-strategy\/medical-devices-in-canada\/"]}]},{"@type":"BreadcrumbList","@id":"https:\/\/isocele-medical.com\/en\/our-services\/regulatory-strategy\/medical-devices-in-canada\/#breadcrumb","itemListElement":[{"@type":"ListItem","position":1,"name":"Accueil","item":"https:\/\/isocele-medical.com\/en\/"},{"@type":"ListItem","position":2,"name":"Our services","item":"https:\/\/isocele-medical.com\/en\/our-services\/"},{"@type":"ListItem","position":3,"name":"Regulatory Strategy","item":"https:\/\/isocele-medical.com\/en\/our-services\/regulatory-strategy\/"},{"@type":"ListItem","position":4,"name":"Medical devices in Canada"}]},{"@type":"WebSite","@id":"https:\/\/isocele-medical.com\/en\/#website","url":"https:\/\/isocele-medical.com\/en\/","name":"Isoc\u00e8le M\u00e9dical","description":"Soci\u00e9t\u00e9 de conseil qualit\u00e9 et affaires r\u00e9glementaires dans le domaine des dispositifs m\u00e9dicaux","publisher":{"@id":"https:\/\/isocele-medical.com\/en\/#organization"},"potentialAction":[{"@type":"SearchAction","target":{"@type":"EntryPoint","urlTemplate":"https:\/\/isocele-medical.com\/en\/?s={search_term_string}"},"query-input":{"@type":"PropertyValueSpecification","valueRequired":true,"valueName":"search_term_string"}}],"inLanguage":"en-US"},{"@type":"Organization","@id":"https:\/\/isocele-medical.com\/en\/#organization","name":"Isoc\u00e8le Medical","url":"https:\/\/isocele-medical.com\/en\/","logo":{"@type":"ImageObject","inLanguage":"en-US","@id":"https:\/\/isocele-medical.com\/en\/#\/schema\/logo\/image\/","url":"https:\/\/isocele-medical.com\/wp-content\/uploads\/2019\/05\/logo-im.png","contentUrl":"https:\/\/isocele-medical.com\/wp-content\/uploads\/2019\/05\/logo-im.png","width":336,"height":80,"caption":"Isoc\u00e8le Medical"},"image":{"@id":"https:\/\/isocele-medical.com\/en\/#\/schema\/logo\/image\/"},"sameAs":["https:\/\/x.com\/isocelemedical","https:\/\/www.linkedin.com\/company\/isocele-medical\/"]}]}},"_links":{"self":[{"href":"https:\/\/isocele-medical.com\/en\/wp-json\/wp\/v2\/pages\/12215","targetHints":{"allow":["GET"]}}],"collection":[{"href":"https:\/\/isocele-medical.com\/en\/wp-json\/wp\/v2\/pages"}],"about":[{"href":"https:\/\/isocele-medical.com\/en\/wp-json\/wp\/v2\/types\/page"}],"author":[{"embeddable":true,"href":"https:\/\/isocele-medical.com\/en\/wp-json\/wp\/v2\/users\/1"}],"replies":[{"embeddable":true,"href":"https:\/\/isocele-medical.com\/en\/wp-json\/wp\/v2\/comments?post=12215"}],"version-history":[{"count":0,"href":"https:\/\/isocele-medical.com\/en\/wp-json\/wp\/v2\/pages\/12215\/revisions"}],"up":[{"embeddable":true,"href":"https:\/\/isocele-medical.com\/en\/wp-json\/wp\/v2\/pages\/12213"}],"wp:attachment":[{"href":"https:\/\/isocele-medical.com\/en\/wp-json\/wp\/v2\/media?parent=12215"}],"curies":[{"name":"wp","href":"https:\/\/api.w.org\/{rel}","templated":true}]}}