{"id":12217,"date":"2018-12-12T16:37:22","date_gmt":"2018-12-12T15:37:22","guid":{"rendered":"https:\/\/isocele-medical.com\/nos-prestations\/strategie-reglementaire\/dossiers-510k-pour-les-usa\/"},"modified":"2021-01-24T15:26:32","modified_gmt":"2021-01-24T14:26:32","slug":"510k-applications-for-the-usa","status":"publish","type":"page","link":"https:\/\/isocele-medical.com\/en\/our-services\/regulatory-strategy\/510k-applications-for-the-usa\/","title":{"rendered":"510K applications for the USA"},"content":{"rendered":"","protected":false},"excerpt":{"rendered":"<p>We support you in the formalisation and submission of 510K applications for the FDA.<\/p>\n","protected":false},"author":1,"featured_media":0,"parent":12213,"menu_order":0,"comment_status":"closed","ping_status":"closed","template":"","meta":{"_acf_changed":false,"footnotes":""},"class_list":["post-12217","page","type-page","status-publish","hentry"],"acf":[],"yoast_head":"<!-- This site is optimized with the Yoast SEO plugin v27.1.1 - https:\/\/yoast.com\/product\/yoast-seo-wordpress\/ -->\n<title>510K applications for the USA (FDA)<\/title>\n<meta name=\"description\" content=\"We support you in the formalisation and submission of 510K applications for the FDA. The FDA seeks advice and recommendations from specialist groups ...\" \/>\n<meta name=\"robots\" content=\"index, follow, max-snippet:-1, max-image-preview:large, max-video-preview:-1\" \/>\n<link rel=\"canonical\" href=\"https:\/\/isocele-medical.com\/en\/our-services\/regulatory-strategy\/510k-applications-for-the-usa\/\" \/>\n<meta property=\"og:locale\" content=\"en_US\" \/>\n<meta property=\"og:type\" content=\"article\" \/>\n<meta property=\"og:title\" content=\"510K applications for the USA (FDA)\" \/>\n<meta property=\"og:description\" content=\"We support you in the formalisation and submission of 510K applications for the FDA. The FDA seeks advice and recommendations from specialist groups ...\" \/>\n<meta property=\"og:url\" content=\"https:\/\/isocele-medical.com\/en\/our-services\/regulatory-strategy\/510k-applications-for-the-usa\/\" \/>\n<meta property=\"og:site_name\" content=\"Isoc\u00e8le M\u00e9dical\" \/>\n<meta property=\"article:modified_time\" content=\"2021-01-24T14:26:32+00:00\" \/>\n<meta name=\"twitter:card\" content=\"summary_large_image\" \/>\n<meta name=\"twitter:site\" content=\"@isocelemedical\" \/>\n<script type=\"application\/ld+json\" class=\"yoast-schema-graph\">{\"@context\":\"https:\/\/schema.org\",\"@graph\":[{\"@type\":\"WebPage\",\"@id\":\"https:\/\/isocele-medical.com\/en\/our-services\/regulatory-strategy\/510k-applications-for-the-usa\/\",\"url\":\"https:\/\/isocele-medical.com\/en\/our-services\/regulatory-strategy\/510k-applications-for-the-usa\/\",\"name\":\"510K applications for the USA (FDA)\",\"isPartOf\":{\"@id\":\"https:\/\/isocele-medical.com\/en\/#website\"},\"datePublished\":\"2018-12-12T15:37:22+00:00\",\"dateModified\":\"2021-01-24T14:26:32+00:00\",\"description\":\"We support you in the formalisation and submission of 510K applications for the FDA. The FDA seeks advice and recommendations from specialist groups ...\",\"breadcrumb\":{\"@id\":\"https:\/\/isocele-medical.com\/en\/our-services\/regulatory-strategy\/510k-applications-for-the-usa\/#breadcrumb\"},\"inLanguage\":\"en-US\",\"potentialAction\":[{\"@type\":\"ReadAction\",\"target\":[\"https:\/\/isocele-medical.com\/en\/our-services\/regulatory-strategy\/510k-applications-for-the-usa\/\"]}]},{\"@type\":\"BreadcrumbList\",\"@id\":\"https:\/\/isocele-medical.com\/en\/our-services\/regulatory-strategy\/510k-applications-for-the-usa\/#breadcrumb\",\"itemListElement\":[{\"@type\":\"ListItem\",\"position\":1,\"name\":\"Accueil\",\"item\":\"https:\/\/isocele-medical.com\/en\/\"},{\"@type\":\"ListItem\",\"position\":2,\"name\":\"Our services\",\"item\":\"https:\/\/isocele-medical.com\/en\/our-services\/\"},{\"@type\":\"ListItem\",\"position\":3,\"name\":\"Regulatory Strategy\",\"item\":\"https:\/\/isocele-medical.com\/en\/our-services\/regulatory-strategy\/\"},{\"@type\":\"ListItem\",\"position\":4,\"name\":\"510K applications for the USA\"}]},{\"@type\":\"WebSite\",\"@id\":\"https:\/\/isocele-medical.com\/en\/#website\",\"url\":\"https:\/\/isocele-medical.com\/en\/\",\"name\":\"Isoc\u00e8le M\u00e9dical\",\"description\":\"Soci\u00e9t\u00e9 de conseil qualit\u00e9 et affaires r\u00e9glementaires dans le domaine des dispositifs m\u00e9dicaux\",\"publisher\":{\"@id\":\"https:\/\/isocele-medical.com\/en\/#organization\"},\"potentialAction\":[{\"@type\":\"SearchAction\",\"target\":{\"@type\":\"EntryPoint\",\"urlTemplate\":\"https:\/\/isocele-medical.com\/en\/?s={search_term_string}\"},\"query-input\":{\"@type\":\"PropertyValueSpecification\",\"valueRequired\":true,\"valueName\":\"search_term_string\"}}],\"inLanguage\":\"en-US\"},{\"@type\":\"Organization\",\"@id\":\"https:\/\/isocele-medical.com\/en\/#organization\",\"name\":\"Isoc\u00e8le Medical\",\"url\":\"https:\/\/isocele-medical.com\/en\/\",\"logo\":{\"@type\":\"ImageObject\",\"inLanguage\":\"en-US\",\"@id\":\"https:\/\/isocele-medical.com\/en\/#\/schema\/logo\/image\/\",\"url\":\"https:\/\/isocele-medical.com\/wp-content\/uploads\/2019\/05\/logo-im.png\",\"contentUrl\":\"https:\/\/isocele-medical.com\/wp-content\/uploads\/2019\/05\/logo-im.png\",\"width\":336,\"height\":80,\"caption\":\"Isoc\u00e8le Medical\"},\"image\":{\"@id\":\"https:\/\/isocele-medical.com\/en\/#\/schema\/logo\/image\/\"},\"sameAs\":[\"https:\/\/x.com\/isocelemedical\",\"https:\/\/www.linkedin.com\/company\/isocele-medical\/\"]}]}<\/script>\n<!-- \/ Yoast SEO plugin. -->","yoast_head_json":{"title":"510K applications for the USA (FDA)","description":"We support you in the formalisation and submission of 510K applications for the FDA. The FDA seeks advice and recommendations from specialist groups ...","robots":{"index":"index","follow":"follow","max-snippet":"max-snippet:-1","max-image-preview":"max-image-preview:large","max-video-preview":"max-video-preview:-1"},"canonical":"https:\/\/isocele-medical.com\/en\/our-services\/regulatory-strategy\/510k-applications-for-the-usa\/","og_locale":"en_US","og_type":"article","og_title":"510K applications for the USA (FDA)","og_description":"We support you in the formalisation and submission of 510K applications for the FDA. The FDA seeks advice and recommendations from specialist groups ...","og_url":"https:\/\/isocele-medical.com\/en\/our-services\/regulatory-strategy\/510k-applications-for-the-usa\/","og_site_name":"Isoc\u00e8le M\u00e9dical","article_modified_time":"2021-01-24T14:26:32+00:00","twitter_card":"summary_large_image","twitter_site":"@isocelemedical","schema":{"@context":"https:\/\/schema.org","@graph":[{"@type":"WebPage","@id":"https:\/\/isocele-medical.com\/en\/our-services\/regulatory-strategy\/510k-applications-for-the-usa\/","url":"https:\/\/isocele-medical.com\/en\/our-services\/regulatory-strategy\/510k-applications-for-the-usa\/","name":"510K applications for the USA (FDA)","isPartOf":{"@id":"https:\/\/isocele-medical.com\/en\/#website"},"datePublished":"2018-12-12T15:37:22+00:00","dateModified":"2021-01-24T14:26:32+00:00","description":"We support you in the formalisation and submission of 510K applications for the FDA. The FDA seeks advice and recommendations from specialist groups ...","breadcrumb":{"@id":"https:\/\/isocele-medical.com\/en\/our-services\/regulatory-strategy\/510k-applications-for-the-usa\/#breadcrumb"},"inLanguage":"en-US","potentialAction":[{"@type":"ReadAction","target":["https:\/\/isocele-medical.com\/en\/our-services\/regulatory-strategy\/510k-applications-for-the-usa\/"]}]},{"@type":"BreadcrumbList","@id":"https:\/\/isocele-medical.com\/en\/our-services\/regulatory-strategy\/510k-applications-for-the-usa\/#breadcrumb","itemListElement":[{"@type":"ListItem","position":1,"name":"Accueil","item":"https:\/\/isocele-medical.com\/en\/"},{"@type":"ListItem","position":2,"name":"Our services","item":"https:\/\/isocele-medical.com\/en\/our-services\/"},{"@type":"ListItem","position":3,"name":"Regulatory Strategy","item":"https:\/\/isocele-medical.com\/en\/our-services\/regulatory-strategy\/"},{"@type":"ListItem","position":4,"name":"510K applications for the USA"}]},{"@type":"WebSite","@id":"https:\/\/isocele-medical.com\/en\/#website","url":"https:\/\/isocele-medical.com\/en\/","name":"Isoc\u00e8le M\u00e9dical","description":"Soci\u00e9t\u00e9 de conseil qualit\u00e9 et affaires r\u00e9glementaires dans le domaine des dispositifs m\u00e9dicaux","publisher":{"@id":"https:\/\/isocele-medical.com\/en\/#organization"},"potentialAction":[{"@type":"SearchAction","target":{"@type":"EntryPoint","urlTemplate":"https:\/\/isocele-medical.com\/en\/?s={search_term_string}"},"query-input":{"@type":"PropertyValueSpecification","valueRequired":true,"valueName":"search_term_string"}}],"inLanguage":"en-US"},{"@type":"Organization","@id":"https:\/\/isocele-medical.com\/en\/#organization","name":"Isoc\u00e8le Medical","url":"https:\/\/isocele-medical.com\/en\/","logo":{"@type":"ImageObject","inLanguage":"en-US","@id":"https:\/\/isocele-medical.com\/en\/#\/schema\/logo\/image\/","url":"https:\/\/isocele-medical.com\/wp-content\/uploads\/2019\/05\/logo-im.png","contentUrl":"https:\/\/isocele-medical.com\/wp-content\/uploads\/2019\/05\/logo-im.png","width":336,"height":80,"caption":"Isoc\u00e8le Medical"},"image":{"@id":"https:\/\/isocele-medical.com\/en\/#\/schema\/logo\/image\/"},"sameAs":["https:\/\/x.com\/isocelemedical","https:\/\/www.linkedin.com\/company\/isocele-medical\/"]}]}},"_links":{"self":[{"href":"https:\/\/isocele-medical.com\/en\/wp-json\/wp\/v2\/pages\/12217","targetHints":{"allow":["GET"]}}],"collection":[{"href":"https:\/\/isocele-medical.com\/en\/wp-json\/wp\/v2\/pages"}],"about":[{"href":"https:\/\/isocele-medical.com\/en\/wp-json\/wp\/v2\/types\/page"}],"author":[{"embeddable":true,"href":"https:\/\/isocele-medical.com\/en\/wp-json\/wp\/v2\/users\/1"}],"replies":[{"embeddable":true,"href":"https:\/\/isocele-medical.com\/en\/wp-json\/wp\/v2\/comments?post=12217"}],"version-history":[{"count":0,"href":"https:\/\/isocele-medical.com\/en\/wp-json\/wp\/v2\/pages\/12217\/revisions"}],"up":[{"embeddable":true,"href":"https:\/\/isocele-medical.com\/en\/wp-json\/wp\/v2\/pages\/12213"}],"wp:attachment":[{"href":"https:\/\/isocele-medical.com\/en\/wp-json\/wp\/v2\/media?parent=12217"}],"curies":[{"name":"wp","href":"https:\/\/api.w.org\/{rel}","templated":true}]}}