{"id":12223,"date":"2018-12-12T16:04:10","date_gmt":"2018-12-12T15:04:10","guid":{"rendered":"https:\/\/isocele-medical.com\/nos-prestations\/mise-en-conformite-reglementaire\/referentiel-mdsap\/"},"modified":"2025-07-21T11:30:58","modified_gmt":"2025-07-21T09:30:58","slug":"mdsap-framework","status":"publish","type":"page","link":"https:\/\/isocele-medical.com\/en\/our-services\/regulatory-compliance\/mdsap-framework\/","title":{"rendered":"MDSAP Framework"},"content":{"rendered":"","protected":false},"excerpt":{"rendered":"<p>The MDSAP (Medical Device Single Audit Program) is an international quality management systems evaluation programme for medical device manufacturers that sell their products in Australia, Brazil, Canada, the United States, and Japan.<br \/>\nObjective: to reduce the number of audits in each of these five markets with one sole audit.<\/p>\n","protected":false},"author":1,"featured_media":0,"parent":12221,"menu_order":0,"comment_status":"closed","ping_status":"closed","template":"","meta":{"_acf_changed":false,"footnotes":""},"class_list":["post-12223","page","type-page","status-publish","hentry"],"acf":[],"yoast_head":"<!-- This site is optimized with the Yoast SEO plugin v27.1.1 - https:\/\/yoast.com\/product\/yoast-seo-wordpress\/ -->\n<title>MDSAP Framework : Medical Device Single Audit Program<\/title>\n<meta name=\"description\" content=\"The MDSAP (Medical Device Single Audit Program) is an international quality management systems evaluation programme for medical device manufacturers ...\" \/>\n<meta name=\"robots\" content=\"index, follow, max-snippet:-1, max-image-preview:large, max-video-preview:-1\" \/>\n<link rel=\"canonical\" href=\"https:\/\/isocele-medical.com\/en\/our-services\/regulatory-compliance\/mdsap-framework\/\" \/>\n<meta property=\"og:locale\" content=\"en_US\" \/>\n<meta property=\"og:type\" content=\"article\" \/>\n<meta property=\"og:title\" content=\"MDSAP Framework : Medical Device Single Audit Program\" \/>\n<meta property=\"og:description\" content=\"The MDSAP (Medical Device Single Audit Program) is an international quality management systems evaluation programme for medical device manufacturers ...\" \/>\n<meta property=\"og:url\" content=\"https:\/\/isocele-medical.com\/en\/our-services\/regulatory-compliance\/mdsap-framework\/\" \/>\n<meta property=\"og:site_name\" content=\"Isoc\u00e8le M\u00e9dical\" \/>\n<meta property=\"article:modified_time\" content=\"2025-07-21T09:30:58+00:00\" \/>\n<meta name=\"twitter:card\" content=\"summary_large_image\" \/>\n<meta name=\"twitter:site\" content=\"@isocelemedical\" \/>\n<meta name=\"twitter:label1\" content=\"Est. reading time\" \/>\n\t<meta name=\"twitter:data1\" content=\"2 minutes\" \/>\n<script type=\"application\/ld+json\" class=\"yoast-schema-graph\">{\"@context\":\"https:\/\/schema.org\",\"@graph\":[{\"@type\":\"WebPage\",\"@id\":\"https:\/\/isocele-medical.com\/en\/our-services\/regulatory-compliance\/mdsap-framework\/\",\"url\":\"https:\/\/isocele-medical.com\/en\/our-services\/regulatory-compliance\/mdsap-framework\/\",\"name\":\"MDSAP Framework : Medical Device Single Audit Program\",\"isPartOf\":{\"@id\":\"https:\/\/isocele-medical.com\/en\/#website\"},\"datePublished\":\"2018-12-12T15:04:10+00:00\",\"dateModified\":\"2025-07-21T09:30:58+00:00\",\"description\":\"The MDSAP (Medical Device Single Audit Program) is an international quality management systems evaluation programme for medical device manufacturers ...\",\"breadcrumb\":{\"@id\":\"https:\/\/isocele-medical.com\/en\/our-services\/regulatory-compliance\/mdsap-framework\/#breadcrumb\"},\"inLanguage\":\"en-US\",\"potentialAction\":[{\"@type\":\"ReadAction\",\"target\":[\"https:\/\/isocele-medical.com\/en\/our-services\/regulatory-compliance\/mdsap-framework\/\"]}]},{\"@type\":\"BreadcrumbList\",\"@id\":\"https:\/\/isocele-medical.com\/en\/our-services\/regulatory-compliance\/mdsap-framework\/#breadcrumb\",\"itemListElement\":[{\"@type\":\"ListItem\",\"position\":1,\"name\":\"Accueil\",\"item\":\"https:\/\/isocele-medical.com\/en\/\"},{\"@type\":\"ListItem\",\"position\":2,\"name\":\"Our services\",\"item\":\"https:\/\/isocele-medical.com\/en\/our-services\/\"},{\"@type\":\"ListItem\",\"position\":3,\"name\":\"Regulatory compliance\",\"item\":\"https:\/\/isocele-medical.com\/en\/our-services\/regulatory-compliance\/\"},{\"@type\":\"ListItem\",\"position\":4,\"name\":\"MDSAP Framework\"}]},{\"@type\":\"WebSite\",\"@id\":\"https:\/\/isocele-medical.com\/en\/#website\",\"url\":\"https:\/\/isocele-medical.com\/en\/\",\"name\":\"Isoc\u00e8le M\u00e9dical\",\"description\":\"Soci\u00e9t\u00e9 de conseil qualit\u00e9 et affaires r\u00e9glementaires dans le domaine des dispositifs m\u00e9dicaux\",\"publisher\":{\"@id\":\"https:\/\/isocele-medical.com\/en\/#organization\"},\"potentialAction\":[{\"@type\":\"SearchAction\",\"target\":{\"@type\":\"EntryPoint\",\"urlTemplate\":\"https:\/\/isocele-medical.com\/en\/?s={search_term_string}\"},\"query-input\":{\"@type\":\"PropertyValueSpecification\",\"valueRequired\":true,\"valueName\":\"search_term_string\"}}],\"inLanguage\":\"en-US\"},{\"@type\":\"Organization\",\"@id\":\"https:\/\/isocele-medical.com\/en\/#organization\",\"name\":\"Isoc\u00e8le Medical\",\"url\":\"https:\/\/isocele-medical.com\/en\/\",\"logo\":{\"@type\":\"ImageObject\",\"inLanguage\":\"en-US\",\"@id\":\"https:\/\/isocele-medical.com\/en\/#\/schema\/logo\/image\/\",\"url\":\"https:\/\/isocele-medical.com\/wp-content\/uploads\/2019\/05\/logo-im.png\",\"contentUrl\":\"https:\/\/isocele-medical.com\/wp-content\/uploads\/2019\/05\/logo-im.png\",\"width\":336,\"height\":80,\"caption\":\"Isoc\u00e8le Medical\"},\"image\":{\"@id\":\"https:\/\/isocele-medical.com\/en\/#\/schema\/logo\/image\/\"},\"sameAs\":[\"https:\/\/x.com\/isocelemedical\",\"https:\/\/www.linkedin.com\/company\/isocele-medical\/\"]}]}<\/script>\n<!-- \/ Yoast SEO plugin. -->","yoast_head_json":{"title":"MDSAP Framework : Medical Device Single Audit Program","description":"The MDSAP (Medical Device Single Audit Program) is an international quality management systems evaluation programme for medical device manufacturers ...","robots":{"index":"index","follow":"follow","max-snippet":"max-snippet:-1","max-image-preview":"max-image-preview:large","max-video-preview":"max-video-preview:-1"},"canonical":"https:\/\/isocele-medical.com\/en\/our-services\/regulatory-compliance\/mdsap-framework\/","og_locale":"en_US","og_type":"article","og_title":"MDSAP Framework : Medical Device Single Audit Program","og_description":"The MDSAP (Medical Device Single Audit Program) is an international quality management systems evaluation programme for medical device manufacturers ...","og_url":"https:\/\/isocele-medical.com\/en\/our-services\/regulatory-compliance\/mdsap-framework\/","og_site_name":"Isoc\u00e8le M\u00e9dical","article_modified_time":"2025-07-21T09:30:58+00:00","twitter_card":"summary_large_image","twitter_site":"@isocelemedical","twitter_misc":{"Est. reading time":"2 minutes"},"schema":{"@context":"https:\/\/schema.org","@graph":[{"@type":"WebPage","@id":"https:\/\/isocele-medical.com\/en\/our-services\/regulatory-compliance\/mdsap-framework\/","url":"https:\/\/isocele-medical.com\/en\/our-services\/regulatory-compliance\/mdsap-framework\/","name":"MDSAP Framework : Medical Device Single Audit Program","isPartOf":{"@id":"https:\/\/isocele-medical.com\/en\/#website"},"datePublished":"2018-12-12T15:04:10+00:00","dateModified":"2025-07-21T09:30:58+00:00","description":"The MDSAP (Medical Device Single Audit Program) is an international quality management systems evaluation programme for medical device manufacturers ...","breadcrumb":{"@id":"https:\/\/isocele-medical.com\/en\/our-services\/regulatory-compliance\/mdsap-framework\/#breadcrumb"},"inLanguage":"en-US","potentialAction":[{"@type":"ReadAction","target":["https:\/\/isocele-medical.com\/en\/our-services\/regulatory-compliance\/mdsap-framework\/"]}]},{"@type":"BreadcrumbList","@id":"https:\/\/isocele-medical.com\/en\/our-services\/regulatory-compliance\/mdsap-framework\/#breadcrumb","itemListElement":[{"@type":"ListItem","position":1,"name":"Accueil","item":"https:\/\/isocele-medical.com\/en\/"},{"@type":"ListItem","position":2,"name":"Our services","item":"https:\/\/isocele-medical.com\/en\/our-services\/"},{"@type":"ListItem","position":3,"name":"Regulatory compliance","item":"https:\/\/isocele-medical.com\/en\/our-services\/regulatory-compliance\/"},{"@type":"ListItem","position":4,"name":"MDSAP Framework"}]},{"@type":"WebSite","@id":"https:\/\/isocele-medical.com\/en\/#website","url":"https:\/\/isocele-medical.com\/en\/","name":"Isoc\u00e8le M\u00e9dical","description":"Soci\u00e9t\u00e9 de conseil qualit\u00e9 et affaires r\u00e9glementaires dans le domaine des dispositifs m\u00e9dicaux","publisher":{"@id":"https:\/\/isocele-medical.com\/en\/#organization"},"potentialAction":[{"@type":"SearchAction","target":{"@type":"EntryPoint","urlTemplate":"https:\/\/isocele-medical.com\/en\/?s={search_term_string}"},"query-input":{"@type":"PropertyValueSpecification","valueRequired":true,"valueName":"search_term_string"}}],"inLanguage":"en-US"},{"@type":"Organization","@id":"https:\/\/isocele-medical.com\/en\/#organization","name":"Isoc\u00e8le Medical","url":"https:\/\/isocele-medical.com\/en\/","logo":{"@type":"ImageObject","inLanguage":"en-US","@id":"https:\/\/isocele-medical.com\/en\/#\/schema\/logo\/image\/","url":"https:\/\/isocele-medical.com\/wp-content\/uploads\/2019\/05\/logo-im.png","contentUrl":"https:\/\/isocele-medical.com\/wp-content\/uploads\/2019\/05\/logo-im.png","width":336,"height":80,"caption":"Isoc\u00e8le Medical"},"image":{"@id":"https:\/\/isocele-medical.com\/en\/#\/schema\/logo\/image\/"},"sameAs":["https:\/\/x.com\/isocelemedical","https:\/\/www.linkedin.com\/company\/isocele-medical\/"]}]}},"_links":{"self":[{"href":"https:\/\/isocele-medical.com\/en\/wp-json\/wp\/v2\/pages\/12223","targetHints":{"allow":["GET"]}}],"collection":[{"href":"https:\/\/isocele-medical.com\/en\/wp-json\/wp\/v2\/pages"}],"about":[{"href":"https:\/\/isocele-medical.com\/en\/wp-json\/wp\/v2\/types\/page"}],"author":[{"embeddable":true,"href":"https:\/\/isocele-medical.com\/en\/wp-json\/wp\/v2\/users\/1"}],"replies":[{"embeddable":true,"href":"https:\/\/isocele-medical.com\/en\/wp-json\/wp\/v2\/comments?post=12223"}],"version-history":[{"count":1,"href":"https:\/\/isocele-medical.com\/en\/wp-json\/wp\/v2\/pages\/12223\/revisions"}],"predecessor-version":[{"id":23400,"href":"https:\/\/isocele-medical.com\/en\/wp-json\/wp\/v2\/pages\/12223\/revisions\/23400"}],"up":[{"embeddable":true,"href":"https:\/\/isocele-medical.com\/en\/wp-json\/wp\/v2\/pages\/12221"}],"wp:attachment":[{"href":"https:\/\/isocele-medical.com\/en\/wp-json\/wp\/v2\/media?parent=12223"}],"curies":[{"name":"wp","href":"https:\/\/api.w.org\/{rel}","templated":true}]}}